{"id":17065,"date":"2017-04-18T12:05:01","date_gmt":"2017-04-18T12:05:01","guid":{"rendered":"https:\/\/www.aeropole.fi\/atpl-prerequisites\/"},"modified":"2024-08-19T13:15:44","modified_gmt":"2024-08-19T13:15:44","slug":"atpl-prerequisites","status":"publish","type":"page","link":"https:\/\/www.aeropole.fi\/da\/atpl-prerequisites\/","title":{"rendered":"FORUDS\u00c6TNING FOR IR, CPL, og MCC"},"content":{"rendered":"<h1>Foruds\u00e6tning For IR, CPL og MCC<\/h1>\n<p><!--more--><\/p>\n<p>N\u00e5r du har et natflyvningsbevis efter visuel flyveregler (NAT VFR), er n\u00e6ste naturlige skridt et Instrument bevis (IR) eller et kommerciel certifikat (CPL).\u00a0Det er ikke n\u00f8dvendigt med NAT VFR for at f\u00e5 Instrument bevis (IR)<\/p>\n<p>EASA Part FCL-bestemmelserne, forlanger nedenst\u00e5ende for at du kan indstilles til IR\/CPL certifikat.<\/p>\n<p>Du kan ogs\u00e5 v\u00e6lge at opfylde disse krav f\u00f8r, du starter p\u00e5 IR\/CPL uddannelsen. I Aeropole har vi nogle minimums krav for at p\u00e5begynde uddannelsen til IR\/CPL.<\/p>\n<h3>Erfaringskarv for CPL certifikat<\/h3>\n<ul>\n<li class=\"m_5304142558025199195MsoListParagraphCxSpFirst\">PPL certifikat<u><\/u><u><\/u><\/li>\n<li class=\"m_5304142558025199195MsoListParagraphCxSpMiddle\">150 timer total flyveerfaring.<\/li>\n<\/ul>\n<p><b>F\u00f8r<\/b> indstilling til praktisk flyvepr\u00f8ve hos Trafikstyrelsen skal f\u00f8lgende v\u00e6re opfyldt:<\/p>\n<ul type=\"disc\">\n<li class=\"m_5304142558025199195MsoListParagraphCxSpFirst\">200 timer total flyve erfaring<u><\/u><u><\/u>\n<ul type=\"disc\">\n<li class=\"m_5304142558025199195MsoListParagraphCxSpMiddle\">100 timer som fart\u00f8jschef (Pilot In Command &#8211; PIC).<u><\/u><u><\/u><\/li>\n<li class=\"m_5304142558025199195MsoListParagraphCxSpMiddle\">10 timer Instrument flyvning, der er en del af CPL, medmindre du allerede har et IR.<u><\/u><u><\/u><\/li>\n<li class=\"m_5304142558025199195MsoListParagraphCxSpMiddle\">20 timer distance flyvning som fart\u00f8jschef, inkluderet en tur p\u00e5 mindst 300 NM, (556km.) med mindst 2 landinger p\u00e5 forskellige lufthavne, udover start lufthavnen.<u><\/u><u><\/u><\/li>\n<li class=\"m_5304142558025199195MsoListParagraphCxSpMiddle\">Op til 30 timer som fart\u00f8jschef (PIC) det kan v\u00e6re p\u00e5 sv\u00e6vefly eller motorsv\u00e6ver.<u><\/u><u><\/u><\/li>\n<\/ul>\n<\/li>\n<li class=\"m_5304142558025199195MsoListParagraphCxSpMiddle\">Alder minimum 18 \u00e5r.<u><\/u><u><\/u><\/li>\n<li class=\"m_5304142558025199195MsoListParagraphCxSpMiddle\">N\u00f8dvendig nattr\u00e6ning eller udstedt <a href=\"https:\/\/www.aeropole.fi\/da\/items\/night-flying\/\">VFR NAT bevis.<\/a> <u><\/u><u><\/u><\/li>\n<li class=\"m_5304142558025199195MsoListParagraphCxSpMiddle\">Klasse 1 l\u00e6geerkl\u00e6ring.<\/li>\n<\/ul>\n<p>Note!\u00a0<u><\/u><u><\/u><b>Alle<\/b> CPL timer som flyves med instrukt\u00f8r, t\u00e6ller med i total tid p\u00e5 200 timer.<\/p>\n<h3>Erfaringskrav for IR (Instrument Rating):<\/h3>\n<p>F\u00f8r start p\u00e5 IR er kravet et PPL eller CPL certifikat.<\/p>\n<p><strong>F\u00f8r indstilling<\/strong> til pr\u00f8ve overfor Trafikstyrelsen skal f\u00f8lgende v\u00e6re opfyldt:<\/p>\n<ul>\n<li class=\"m_5304142558025199195MsoListParagraphCxSpFirst\">50 timer distance flyvning som fart\u00f8jschef (PIC).<\/li>\n<li class=\"m_5304142558025199195MsoListParagraphCxSpMiddle\">Type 2 l\u00e6geerkl\u00e6ring med audiogram, let mangel i farvesyn er ikke l\u00e6ngere en forhindring for at flyve IR, men korrekt farvesyn er dog et krav for at flyve om natten.<\/li>\n<li class=\"m_5304142558025199195MsoListParagraphCxSpLast\">Vi anbefaler at f\u00e5 et VFR NAT bevis f\u00f8r p\u00e5begyndelse af IR.<\/li>\n<\/ul>\n<h3><b>Erfaringskrav for MCC<\/b><\/h3>\n<p>F\u00f8r du kan starte p\u00e5 et MCC kursus, skal f\u00f8lgende v\u00e6re opfyldt:<\/p>\n<ul>\n<li>MEP Multi Engine Piston \u2013 Tomotors fly certifikat.<\/li>\n<li>Mindst et PPL certifikat med IR, vi anbefaler, du har et CPL med IR.<\/li>\n<\/ul>\n<h3>Start Dato<\/h3>\n<p>Aeropole kan skr\u00e6ddesy en uddannelsesplan, der passer ind i dine \u00f8vrig planer for job eller uddannelse.\u00a0<a href=\"https:\/\/www.aeropole.fi\/da\/contact-us\/\">Kontakt os<\/a> endelig s\u00e5 vi kan give dig gode r\u00e5d og vejledning, s\u00e5 du kan f\u00e5 opfyldt din dr\u00f8m om at blive pilot.<\/p>\n<h3>More Information<\/h3>\n<p>Se <a href=\"https:\/\/www.aeropole.fi\/da\/faq\/\">ofte stillede sp\u00f8rgsm\u00e5l<\/a>!<\/p>\n<p style=\"text-align: center; font-size: 21px;\">Interesseret?<\/p>\n<div  class='avia-button-wrap avia-button-center  avia-builder-el-0  avia-builder-el-no-sibling ' ><a href='https:\/\/www.aeropole.fi\/contact\/?src=atpl_prerequisites'  class='avia-button   avia-icon_select-yes-left-icon avia-color-theme-color avia-size-small avia-position-center '   ><span class='avia_button_icon avia_button_icon_left ' aria-hidden='true' data-av_icon='\ue8b7' data-av_iconfont='entypo-fontello'><\/span><span class='avia_iconbox_title' >Kontakt Os!<\/span><\/a><\/div>\n<p><strong>Ansvarsfraskrivelse: Al information er uden garanti. G\u00e6ldende love og regler, som fortolket af de kompetente myndigheder, har forrang for enhver information p\u00e5 denne hjemmeside.<\/strong><\/p>\n","protected":false},"excerpt":{"rendered":"<p>Foruds\u00e6tning For IR, CPL og MCC<\/p>\n","protected":false},"author":1,"featured_media":0,"parent":0,"menu_order":0,"comment_status":"closed","ping_status":"closed","template":"","meta":{"footnotes":""},"class_list":["post-17065","page","type-page","status-publish","hentry"],"yoast_head":"<!-- This site is optimized with the Yoast SEO plugin v27.1.1 - https:\/\/yoast.com\/product\/yoast-seo-wordpress\/ -->\n<title>FORUDS\u00c6TNING FOR IR, CPL, og MCC - Aeropole<\/title>\n<meta name=\"description\" content=\"Aeropole does not require you to hold the Night Flying qualification (NF) before (or during or after) the Instrument Rating course.\" \/>\n<meta name=\"robots\" content=\"index, follow, max-snippet:-1, max-image-preview:large, max-video-preview:-1\" \/>\n<link rel=\"canonical\" href=\"https:\/\/www.aeropole.fi\/da\/atpl-prerequisites\/\" \/>\n<meta property=\"og:locale\" content=\"da_DK\" \/>\n<meta property=\"og:type\" content=\"article\" \/>\n<meta property=\"og:title\" content=\"FORUDS\u00c6TNING FOR IR, CPL, og MCC - Aeropole\" \/>\n<meta property=\"og:description\" content=\"Aeropole does not require you to hold the Night Flying qualification (NF) before (or during or after) the Instrument Rating course.\" \/>\n<meta property=\"og:url\" content=\"https:\/\/www.aeropole.fi\/da\/atpl-prerequisites\/\" \/>\n<meta property=\"og:site_name\" content=\"Aeropole\" \/>\n<meta property=\"article:modified_time\" content=\"2024-08-19T13:15:44+00:00\" \/>\n<meta name=\"twitter:card\" content=\"summary_large_image\" \/>\n<meta name=\"twitter:label1\" content=\"Estimeret l\u00e6setid\" \/>\n\t<meta name=\"twitter:data1\" content=\"2 minutter\" \/>\n<script type=\"application\/ld+json\" class=\"yoast-schema-graph\">{\"@context\":\"https:\/\/schema.org\",\"@graph\":[{\"@type\":\"WebPage\",\"@id\":\"https:\/\/www.aeropole.fi\/da\/atpl-prerequisites\/\",\"url\":\"https:\/\/www.aeropole.fi\/da\/atpl-prerequisites\/\",\"name\":\"FORUDS\u00c6TNING FOR IR, CPL, og MCC - Aeropole\",\"isPartOf\":{\"@id\":\"https:\/\/www.aeropole.fi\/#website\"},\"datePublished\":\"2017-04-18T12:05:01+00:00\",\"dateModified\":\"2024-08-19T13:15:44+00:00\",\"description\":\"Aeropole does not require you to hold the Night Flying qualification (NF) before (or during or after) the Instrument Rating course.\",\"breadcrumb\":{\"@id\":\"https:\/\/www.aeropole.fi\/da\/atpl-prerequisites\/#breadcrumb\"},\"inLanguage\":\"da-DK\",\"potentialAction\":[{\"@type\":\"ReadAction\",\"target\":[\"https:\/\/www.aeropole.fi\/da\/atpl-prerequisites\/\"]}]},{\"@type\":\"BreadcrumbList\",\"@id\":\"https:\/\/www.aeropole.fi\/da\/atpl-prerequisites\/#breadcrumb\",\"itemListElement\":[{\"@type\":\"ListItem\",\"position\":1,\"name\":\"Home\",\"item\":\"https:\/\/www.aeropole.fi\/da\/\"},{\"@type\":\"ListItem\",\"position\":2,\"name\":\"FORUDS\u00c6TNING FOR IR, CPL, og MCC\"}]},{\"@type\":\"WebSite\",\"@id\":\"https:\/\/www.aeropole.fi\/#website\",\"url\":\"https:\/\/www.aeropole.fi\/\",\"name\":\"Aeropole\",\"description\":\"Aviation Academy, Aircraft Sales and Maintenance\",\"potentialAction\":[{\"@type\":\"SearchAction\",\"target\":{\"@type\":\"EntryPoint\",\"urlTemplate\":\"https:\/\/www.aeropole.fi\/?s={search_term_string}\"},\"query-input\":{\"@type\":\"PropertyValueSpecification\",\"valueRequired\":true,\"valueName\":\"search_term_string\"}}],\"inLanguage\":\"da-DK\"}]}<\/script>\n<!-- \/ Yoast SEO plugin. -->","yoast_head_json":{"title":"FORUDS\u00c6TNING FOR IR, CPL, og MCC - Aeropole","description":"Aeropole does not require you to hold the Night Flying qualification (NF) before (or during or after) the Instrument Rating course.","robots":{"index":"index","follow":"follow","max-snippet":"max-snippet:-1","max-image-preview":"max-image-preview:large","max-video-preview":"max-video-preview:-1"},"canonical":"https:\/\/www.aeropole.fi\/da\/atpl-prerequisites\/","og_locale":"da_DK","og_type":"article","og_title":"FORUDS\u00c6TNING FOR IR, CPL, og MCC - Aeropole","og_description":"Aeropole does not require you to hold the Night Flying qualification (NF) before (or during or after) the Instrument Rating course.","og_url":"https:\/\/www.aeropole.fi\/da\/atpl-prerequisites\/","og_site_name":"Aeropole","article_modified_time":"2024-08-19T13:15:44+00:00","twitter_card":"summary_large_image","twitter_misc":{"Estimeret l\u00e6setid":"2 minutter"},"schema":{"@context":"https:\/\/schema.org","@graph":[{"@type":"WebPage","@id":"https:\/\/www.aeropole.fi\/da\/atpl-prerequisites\/","url":"https:\/\/www.aeropole.fi\/da\/atpl-prerequisites\/","name":"FORUDS\u00c6TNING FOR IR, CPL, og MCC - Aeropole","isPartOf":{"@id":"https:\/\/www.aeropole.fi\/#website"},"datePublished":"2017-04-18T12:05:01+00:00","dateModified":"2024-08-19T13:15:44+00:00","description":"Aeropole does not require you to hold the Night Flying qualification (NF) before (or during or after) the Instrument Rating course.","breadcrumb":{"@id":"https:\/\/www.aeropole.fi\/da\/atpl-prerequisites\/#breadcrumb"},"inLanguage":"da-DK","potentialAction":[{"@type":"ReadAction","target":["https:\/\/www.aeropole.fi\/da\/atpl-prerequisites\/"]}]},{"@type":"BreadcrumbList","@id":"https:\/\/www.aeropole.fi\/da\/atpl-prerequisites\/#breadcrumb","itemListElement":[{"@type":"ListItem","position":1,"name":"Home","item":"https:\/\/www.aeropole.fi\/da\/"},{"@type":"ListItem","position":2,"name":"FORUDS\u00c6TNING FOR IR, CPL, og MCC"}]},{"@type":"WebSite","@id":"https:\/\/www.aeropole.fi\/#website","url":"https:\/\/www.aeropole.fi\/","name":"Aeropole","description":"Aviation Academy, Aircraft Sales and Maintenance","potentialAction":[{"@type":"SearchAction","target":{"@type":"EntryPoint","urlTemplate":"https:\/\/www.aeropole.fi\/?s={search_term_string}"},"query-input":{"@type":"PropertyValueSpecification","valueRequired":true,"valueName":"search_term_string"}}],"inLanguage":"da-DK"}]}},"_links":{"self":[{"href":"https:\/\/www.aeropole.fi\/da\/wp-json\/wp\/v2\/pages\/17065","targetHints":{"allow":["GET"]}}],"collection":[{"href":"https:\/\/www.aeropole.fi\/da\/wp-json\/wp\/v2\/pages"}],"about":[{"href":"https:\/\/www.aeropole.fi\/da\/wp-json\/wp\/v2\/types\/page"}],"author":[{"embeddable":true,"href":"https:\/\/www.aeropole.fi\/da\/wp-json\/wp\/v2\/users\/1"}],"replies":[{"embeddable":true,"href":"https:\/\/www.aeropole.fi\/da\/wp-json\/wp\/v2\/comments?post=17065"}],"version-history":[{"count":14,"href":"https:\/\/www.aeropole.fi\/da\/wp-json\/wp\/v2\/pages\/17065\/revisions"}],"predecessor-version":[{"id":26367,"href":"https:\/\/www.aeropole.fi\/da\/wp-json\/wp\/v2\/pages\/17065\/revisions\/26367"}],"wp:attachment":[{"href":"https:\/\/www.aeropole.fi\/da\/wp-json\/wp\/v2\/media?parent=17065"}],"curies":[{"name":"wp","href":"https:\/\/api.w.org\/{rel}","templated":true}]}}