{"id":12707,"date":"2017-04-18T12:05:01","date_gmt":"2017-04-18T09:05:01","guid":{"rendered":"http:\/\/elmoallen.name\/aeropole2\/atpl-prerequisites\/"},"modified":"2020-04-29T10:54:05","modified_gmt":"2020-04-29T10:54:05","slug":"atpl-esivaatimukset","status":"publish","type":"page","link":"https:\/\/www.aeropole.fi\/fi\/atpl-esivaatimukset\/","title":{"rendered":"Esivaatimukset IR- ja CPL-kursseillemme"},"content":{"rendered":"<h1>Esivaatimukset IR- ja CPL-kursseillemme<\/h1>\n<p>Seuraava suurempi askel yksityislent\u00e4j\u00e4n lupakirjan (PPL) jo hankkineille on joko <strong>mittarilentokelpuutuksen (IR)<\/strong> tai <strong>ansiolent\u00e4j\u00e4n lupakirjan (CPL)<\/strong> hankkiminen. <a href=\"https:\/\/www.aeropole.fi\/courses\/night-flying\/\">Y\u00f6lentokelpuutuksenhan<\/a> moni hankkii jo heti PPL:n j\u00e4lkeen.<\/p>\n<p>Huom: toisin kuin useimmat muut kouluttajat, Aeropole ei vaadi NF-kelpuutusta ennen IR-kelpuutukseen johtavan koulutuksen aloittamista, sen aikana eik\u00e4 sen j\u00e4lkeenk\u00e4\u00e4n &#8211; meille asiakkaan henkil\u00f6kohtainen tavoite on t\u00e4rkein.<\/p>\n<p>Part FCL edellytt\u00e4\u00e4 alla lueteltuja kokemusvaatimuksia kurssin p\u00e4\u00e4tytty\u00e4 uutta lupakirjaa (CPL) tai kelpuutusta (IR) hakiessasi. K\u00e4yt\u00e4nn\u00f6ss\u00e4 on kuitenkin parasta varmistaa kurssia aloittaessasi, <span id=\"more-2855\"><\/span>ett\u00e4 kurssin j\u00e4lkeen kyseiset vaatimukset todellakin t\u00e4yttyv\u00e4t, sill\u00e4 suuri osa ko. kokemuksesta kerrytet\u00e4\u00e4n kyseisten kurssien ulkopuolella.<\/p>\n<h3>Kokemusvaatimukset ansiolent\u00e4j\u00e4n lupakirjaa (CPL) varten<\/h3>\n<p>Ennen kurssia sinulla tulee olla:<\/p>\n<ul>\n<li>PPL-lupakirja.<\/li>\n<li>150 tuntia lentokokemusta ohjaajana.<\/li>\n<\/ul>\n<p>Kurssin j\u00e4lkeen l\u00e4hett\u00e4ess\u00e4si anomuksen Trafiin CPL-lupakirjaasi varten tulee sinulla olla v\u00e4hint\u00e4\u00e4n:<\/p>\n<ul>\n<li>200 tuntia kokonaislentokokemusta, joista\n<ul>\n<li>100 tuntia p\u00e4\u00e4llikk\u00f6n\u00e4 (PIC).<\/li>\n<li>10 tuntia mittarilentokoulutusta (suoritetaan kurssin aikana ellei sinulla jo ole IR-kelpuutusta).<\/li>\n<li>20 tuntia matkalentokokemusta p\u00e4\u00e4llikk\u00f6n\u00e4, mukaan lukien v\u00e4hint\u00e4\u00e4n yksi 300 NM pituinen, kahdelle eri lentopaikalle tehty matkalentosuoritus.<\/li>\n<li>Enint\u00e4\u00e4n 30 tuntia TMG- tai purjelentokokemusta ilma-aluksen p\u00e4\u00e4llikk\u00f6n\u00e4. (Muuta TMG- tai purjelentokokemusta ei lasketa t\u00e4h\u00e4n hyv\u00e4ksi; ainoastaan p\u00e4\u00e4llikk\u00f6aika.)<\/li>\n<\/ul>\n<\/li>\n<li>18 vuoden ik\u00e4.<\/li>\n<li><a title=\"Night Flying NF(A)\" href=\"https:\/\/www.aeropole.fi\/courses\/night-flying\/\">Y\u00f6lentokelpuutus (NF)<\/a> tai y\u00f6lentokoulutuksen suorittaminen loppuun Aeropolella.<\/li>\n<li>Luokan 1 l\u00e4\u00e4ketieteellinen kelpoisuustodistus.<\/li>\n<\/ul>\n<p>Huomaa, ett\u00e4 CPL-kurssin aikana lennetyt 25 tuntia (15 tuntia jos sinulla jo on IR-kelpuutus) lasketaan luonnollisesti mukaan yll\u00e4 mainittuihin vaatimuksiin 200 kokonaistunnin ja 10 mittaritunnin osalta, mutta ne eiv\u00e4t tietenk\u00e4\u00e4n kerryt\u00e4 p\u00e4\u00e4llikk\u00f6kokemustasi.<\/p>\n<h3>Kokemusvaatimukset mittarilentokelpuutusta (IR) varten<\/h3>\n<p>Ennen IR-kurssia sinulla tulee olla:<\/p>\n<ul>\n<li>PPL- tai CPL-lupakirja.<\/li>\n<\/ul>\n<p>Kurssin j\u00e4lkeen l\u00e4hett\u00e4ess\u00e4si anomuksen Trafiin IR-kepuutusta varten tulee sinulla olla v\u00e4hint\u00e4\u00e4n:<\/p>\n<ul>\n<li>50 tuntia matkalentokokemusta p\u00e4\u00e4llikk\u00f6n\u00e4 lentokoneella. IR-kurssiin sis\u00e4ltyv\u00e4t 50 tuntia (CPL-lupakirjan haltijalle 40 h) eiv\u00e4t kasvata matkalentokokemusta p\u00e4\u00e4llikk\u00f6n\u00e4, mutta t\u00e4t\u00e4 p\u00e4\u00e4llikk\u00f6kokemusta on muutoin omatoimisesti mahdollista ker\u00e4t\u00e4 kurssin rinnalla. Ko. 50 tuntia ei siis v\u00e4ltt\u00e4m\u00e4tt\u00e4 tarvitse olla ennen kurssin alkua.<\/li>\n<li>V\u00e4hint\u00e4\u00e4n luokan 2 l\u00e4\u00e4ketieteellisen kelpoisuustodistuksen <em>kuulokokeen (audiogrammi) kera<\/em>.<\/li>\n<\/ul>\n<p>Huom: Part FCL:n mukaan et tarvitse\u00a0<a title=\"Y\u00f6lentokelpuutus NF(A)\" href=\"https:\/\/www.aeropole.fi\/courses\/night-flying\/\">y\u00f6lentokelpuutusta (NF)<\/a>\u00a0ennen IR-kurssia etk\u00e4 v\u00e4ltt\u00e4m\u00e4tt\u00e4 edes sen j\u00e4lkeen. Jos sinulla ei ole NF-kelpuutusta, IR-kelpuutuksesi oikeudet rajoittuvat p\u00e4iv\u00e4olosuhteisiin. Niille, jotka eiv\u00e4t n\u00e4k\u00f6kyvyn takia NF:\u00e4\u00e4 voi edes saada, t\u00e4m\u00e4 uudistus antaa mahdollisuuden hankkia t\u00e4ysi IR-kelpuutus.<\/p>\n<h3>Miehist\u00f6yhteisty\u00f6kurssi (MCC)<\/h3>\n<p>Ennen MCC-kurssin aloittamista sinulla tulee olla<\/p>\n<ul>\n<li>jokin monimoottorikelpuutus: k\u00e4yt\u00e4nn\u00f6ss\u00e4 monimoottoristen m\u00e4nt\u00e4moottorikoneiden luokkakelpuutus (MEP)<\/li>\n<li>v\u00e4hint\u00e4\u00e4n yksityislent\u00e4j\u00e4n lupakirja lentokoneille (PPL(A)) ja mittarilentokelpuutus (IR): k\u00e4yt\u00e4nn\u00f6ss\u00e4 suosittelemme ansiolent\u00e4j\u00e4n lupakirjan (CPL) hankkimista ensin sek\u00e4 ym. monimoottooriluokkaan liitettyj\u00e4 mittarilento-oikeuksia.<\/li>\n<\/ul>\n<h3>Kurssien aloitusp\u00e4iv\u00e4m\u00e4\u00e4r\u00e4t<\/h3>\n<p><a href=\"https:\/\/www.aeropole.fi\/fi\/atpl-ground-school-schedule\/\">Kurssit py\u00f6riv\u00e4t jatkuvasti<\/a> \u2014 voit hyp\u00e4t\u00e4 mukaan milloin vain! Opiskellessasi Aeropolella et ole sidottu lukukausiin tai muiden opiskelijoiden tahtiin, vaan teet teorioiden kotiopiskelun omassa tahdissasi ja tulet l\u00e4hiopetusjaksoille kun p\u00e4\u00e4set. K\u00e4yt\u00e4nn\u00f6n lentokoulutus sovitaan aina sinulle yksil\u00f6llisesti.<\/p>\n<h3>Muita lis\u00e4tietoja<\/h3>\n<p>Katso vastaukset <a title=\"Usein kysytty\u00e4 IR- ja CPL-kursseista\" href=\"https:\/\/www.aeropole.fi\/fi\/faq\/\">usein kysyttyihin kysymyksiin<\/a>. Varmista, ett\u00e4 ehdit tehd\u00e4 koko kurssin aikarajojen puitteissa, olkoonkin ett\u00e4 ne ovat v\u00e4lj\u00e4t.<\/p>\n<p style=\"text-align: center; font-size: 21px;\">Kiinnostuitko? Ota yhteytt\u00e4 ja kerromme lis\u00e4\u00e4.<\/p>\n<div  class='avia-button-wrap avia-button-center  avia-builder-el-0  avia-builder-el-no-sibling ' ><a href='https:\/\/www.aeropole.fi\/yhteystiedot\/?src=atpl_prerequisites_fi'  class='avia-button   avia-icon_select-yes-left-icon avia-color-theme-color avia-size-medium avia-position-center '   ><span class='avia_button_icon avia_button_icon_left ' aria-hidden='true' data-av_icon='\ue8b7' data-av_iconfont='entypo-fontello'><\/span><span class='avia_iconbox_title' >Ota yhteytt\u00e4<\/span><\/a><\/div>\n<div><strong>Huom: T\u00e4m\u00e4n sivun tiedot sitoumuksetta. Kulloinkin voimassa olevat m\u00e4\u00e4r\u00e4ykset, siten kuin toimivaltaiset viranomaiset niit\u00e4 tulkitsevat, ohittavat yll\u00e4 mainitut.<\/strong><\/div>\n","protected":false},"excerpt":{"rendered":"<p>Esivaatimukset IR- ja CPL-kursseillemme Seuraava suurempi askel yksityislent\u00e4j\u00e4n lupakirjan (PPL) jo hankkineille on joko mittarilentokelpuutuksen (IR) tai ansiolent\u00e4j\u00e4n lupakirjan (CPL) hankkiminen. Y\u00f6lentokelpuutuksenhan moni hankkii jo heti PPL:n j\u00e4lkeen. Huom: toisin kuin useimmat muut kouluttajat, Aeropole ei vaadi NF-kelpuutusta ennen IR-kelpuutukseen johtavan koulutuksen aloittamista, sen aikana eik\u00e4 sen j\u00e4lkeenk\u00e4\u00e4n &#8211; meille asiakkaan henkil\u00f6kohtainen tavoite on t\u00e4rkein. [&hellip;]<\/p>\n","protected":false},"author":1,"featured_media":0,"parent":0,"menu_order":0,"comment_status":"closed","ping_status":"closed","template":"","meta":{"footnotes":""},"class_list":["post-12707","page","type-page","status-publish","hentry"],"yoast_head":"<!-- This site is optimized with the Yoast SEO plugin v27.1.1 - https:\/\/yoast.com\/product\/yoast-seo-wordpress\/ -->\n<title>Esivaatimukset IR- ja CPL-kursseillemme - Aeropole<\/title>\n<meta name=\"robots\" content=\"index, follow, max-snippet:-1, max-image-preview:large, max-video-preview:-1\" \/>\n<link rel=\"canonical\" href=\"https:\/\/www.aeropole.fi\/fi\/atpl-esivaatimukset\/\" \/>\n<meta property=\"og:locale\" content=\"fi_FI\" \/>\n<meta property=\"og:type\" content=\"article\" \/>\n<meta property=\"og:title\" content=\"Esivaatimukset IR- ja CPL-kursseillemme - Aeropole\" \/>\n<meta property=\"og:description\" content=\"Esivaatimukset IR- ja CPL-kursseillemme Seuraava suurempi askel yksityislent\u00e4j\u00e4n lupakirjan (PPL) jo hankkineille on joko mittarilentokelpuutuksen (IR) tai ansiolent\u00e4j\u00e4n lupakirjan (CPL) hankkiminen. Y\u00f6lentokelpuutuksenhan moni hankkii jo heti PPL:n j\u00e4lkeen. Huom: toisin kuin useimmat muut kouluttajat, Aeropole ei vaadi NF-kelpuutusta ennen IR-kelpuutukseen johtavan koulutuksen aloittamista, sen aikana eik\u00e4 sen j\u00e4lkeenk\u00e4\u00e4n &#8211; meille asiakkaan henkil\u00f6kohtainen tavoite on t\u00e4rkein. [&hellip;]\" \/>\n<meta property=\"og:url\" content=\"https:\/\/www.aeropole.fi\/fi\/atpl-esivaatimukset\/\" \/>\n<meta property=\"og:site_name\" content=\"Aeropole\" \/>\n<meta property=\"article:modified_time\" content=\"2020-04-29T10:54:05+00:00\" \/>\n<meta name=\"twitter:card\" content=\"summary_large_image\" \/>\n<meta name=\"twitter:label1\" content=\"Arvioitu lukuaika\" \/>\n\t<meta name=\"twitter:data1\" content=\"3 minuuttia\" \/>\n<script type=\"application\/ld+json\" class=\"yoast-schema-graph\">{\"@context\":\"https:\/\/schema.org\",\"@graph\":[{\"@type\":\"WebPage\",\"@id\":\"https:\/\/www.aeropole.fi\/fi\/atpl-esivaatimukset\/\",\"url\":\"https:\/\/www.aeropole.fi\/fi\/atpl-esivaatimukset\/\",\"name\":\"Esivaatimukset IR- ja CPL-kursseillemme - Aeropole\",\"isPartOf\":{\"@id\":\"https:\/\/www.aeropole.fi\/#website\"},\"datePublished\":\"2017-04-18T09:05:01+00:00\",\"dateModified\":\"2020-04-29T10:54:05+00:00\",\"breadcrumb\":{\"@id\":\"https:\/\/www.aeropole.fi\/fi\/atpl-esivaatimukset\/#breadcrumb\"},\"inLanguage\":\"fi\",\"potentialAction\":[{\"@type\":\"ReadAction\",\"target\":[\"https:\/\/www.aeropole.fi\/fi\/atpl-esivaatimukset\/\"]}]},{\"@type\":\"BreadcrumbList\",\"@id\":\"https:\/\/www.aeropole.fi\/fi\/atpl-esivaatimukset\/#breadcrumb\",\"itemListElement\":[{\"@type\":\"ListItem\",\"position\":1,\"name\":\"Home\",\"item\":\"https:\/\/www.aeropole.fi\/fi\/\"},{\"@type\":\"ListItem\",\"position\":2,\"name\":\"Esivaatimukset IR- ja CPL-kursseillemme\"}]},{\"@type\":\"WebSite\",\"@id\":\"https:\/\/www.aeropole.fi\/#website\",\"url\":\"https:\/\/www.aeropole.fi\/\",\"name\":\"Aeropole\",\"description\":\"Aviation Academy, Aircraft Sales and Maintenance\",\"potentialAction\":[{\"@type\":\"SearchAction\",\"target\":{\"@type\":\"EntryPoint\",\"urlTemplate\":\"https:\/\/www.aeropole.fi\/?s={search_term_string}\"},\"query-input\":{\"@type\":\"PropertyValueSpecification\",\"valueRequired\":true,\"valueName\":\"search_term_string\"}}],\"inLanguage\":\"fi\"}]}<\/script>\n<!-- \/ Yoast SEO plugin. -->","yoast_head_json":{"title":"Esivaatimukset IR- ja CPL-kursseillemme - Aeropole","robots":{"index":"index","follow":"follow","max-snippet":"max-snippet:-1","max-image-preview":"max-image-preview:large","max-video-preview":"max-video-preview:-1"},"canonical":"https:\/\/www.aeropole.fi\/fi\/atpl-esivaatimukset\/","og_locale":"fi_FI","og_type":"article","og_title":"Esivaatimukset IR- ja CPL-kursseillemme - Aeropole","og_description":"Esivaatimukset IR- ja CPL-kursseillemme Seuraava suurempi askel yksityislent\u00e4j\u00e4n lupakirjan (PPL) jo hankkineille on joko mittarilentokelpuutuksen (IR) tai ansiolent\u00e4j\u00e4n lupakirjan (CPL) hankkiminen. Y\u00f6lentokelpuutuksenhan moni hankkii jo heti PPL:n j\u00e4lkeen. Huom: toisin kuin useimmat muut kouluttajat, Aeropole ei vaadi NF-kelpuutusta ennen IR-kelpuutukseen johtavan koulutuksen aloittamista, sen aikana eik\u00e4 sen j\u00e4lkeenk\u00e4\u00e4n &#8211; meille asiakkaan henkil\u00f6kohtainen tavoite on t\u00e4rkein. [&hellip;]","og_url":"https:\/\/www.aeropole.fi\/fi\/atpl-esivaatimukset\/","og_site_name":"Aeropole","article_modified_time":"2020-04-29T10:54:05+00:00","twitter_card":"summary_large_image","twitter_misc":{"Arvioitu lukuaika":"3 minuuttia"},"schema":{"@context":"https:\/\/schema.org","@graph":[{"@type":"WebPage","@id":"https:\/\/www.aeropole.fi\/fi\/atpl-esivaatimukset\/","url":"https:\/\/www.aeropole.fi\/fi\/atpl-esivaatimukset\/","name":"Esivaatimukset IR- ja CPL-kursseillemme - Aeropole","isPartOf":{"@id":"https:\/\/www.aeropole.fi\/#website"},"datePublished":"2017-04-18T09:05:01+00:00","dateModified":"2020-04-29T10:54:05+00:00","breadcrumb":{"@id":"https:\/\/www.aeropole.fi\/fi\/atpl-esivaatimukset\/#breadcrumb"},"inLanguage":"fi","potentialAction":[{"@type":"ReadAction","target":["https:\/\/www.aeropole.fi\/fi\/atpl-esivaatimukset\/"]}]},{"@type":"BreadcrumbList","@id":"https:\/\/www.aeropole.fi\/fi\/atpl-esivaatimukset\/#breadcrumb","itemListElement":[{"@type":"ListItem","position":1,"name":"Home","item":"https:\/\/www.aeropole.fi\/fi\/"},{"@type":"ListItem","position":2,"name":"Esivaatimukset IR- ja CPL-kursseillemme"}]},{"@type":"WebSite","@id":"https:\/\/www.aeropole.fi\/#website","url":"https:\/\/www.aeropole.fi\/","name":"Aeropole","description":"Aviation Academy, Aircraft Sales and Maintenance","potentialAction":[{"@type":"SearchAction","target":{"@type":"EntryPoint","urlTemplate":"https:\/\/www.aeropole.fi\/?s={search_term_string}"},"query-input":{"@type":"PropertyValueSpecification","valueRequired":true,"valueName":"search_term_string"}}],"inLanguage":"fi"}]}},"_links":{"self":[{"href":"https:\/\/www.aeropole.fi\/fi\/wp-json\/wp\/v2\/pages\/12707","targetHints":{"allow":["GET"]}}],"collection":[{"href":"https:\/\/www.aeropole.fi\/fi\/wp-json\/wp\/v2\/pages"}],"about":[{"href":"https:\/\/www.aeropole.fi\/fi\/wp-json\/wp\/v2\/types\/page"}],"author":[{"embeddable":true,"href":"https:\/\/www.aeropole.fi\/fi\/wp-json\/wp\/v2\/users\/1"}],"replies":[{"embeddable":true,"href":"https:\/\/www.aeropole.fi\/fi\/wp-json\/wp\/v2\/comments?post=12707"}],"version-history":[{"count":11,"href":"https:\/\/www.aeropole.fi\/fi\/wp-json\/wp\/v2\/pages\/12707\/revisions"}],"predecessor-version":[{"id":19656,"href":"https:\/\/www.aeropole.fi\/fi\/wp-json\/wp\/v2\/pages\/12707\/revisions\/19656"}],"wp:attachment":[{"href":"https:\/\/www.aeropole.fi\/fi\/wp-json\/wp\/v2\/media?parent=12707"}],"curies":[{"name":"wp","href":"https:\/\/api.w.org\/{rel}","templated":true}]}}